{"id":173,"date":"2020-05-07T15:44:23","date_gmt":"2020-05-07T15:44:23","guid":{"rendered":"http:\/\/www.distinctionkitchenbath.com\/stobag-specialist\/"},"modified":"2020-05-07T20:22:38","modified_gmt":"2020-05-07T20:22:38","slug":"distributeur-officiel-stobag","status":"publish","type":"page","link":"https:\/\/www.distinctionkitchenbath.com\/fr\/distributeur-officiel-stobag\/","title":{"rendered":"Distributeur officiel Stobag"},"content":{"rendered":"<div class=\"fusion-fullwidth fullwidth-box fusion-builder-row-1 nonhundred-percent-fullwidth non-hundred-percent-height-scrolling\" style=\"--awb-border-radius-top-left:0px;--awb-border-radius-top-right:0px;--awb-border-radius-bottom-right:0px;--awb-border-radius-bottom-left:0px;--awb-padding-bottom:0px;--awb-margin-bottom:0px;--awb-background-color:#f4f4f4;--awb-flex-wrap:wrap;\" ><div class=\"fusion-builder-row fusion-row\"><div class=\"fusion-layout-column fusion_builder_column fusion-builder-column-0 fusion_builder_column_1_1 1_1 fusion-one-full fusion-column-first fusion-column-last\" style=\"--awb-padding-bottom:0px;--awb-bg-position:right top;--awb-bg-size:cover;--awb-margin-bottom:0px;\"><div class=\"fusion-column-wrapper fusion-column-has-shadow fusion-flex-column-wrapper-legacy\">\t\t\t\t\t<div class=\"fusion-slider-container fusion-slider-sc-stobag-fr fusion-slider-13 full-width-slider\" style=\"height:500px; max-width:100%;\" data-id=\"13\" data-full_height=\"\">\n\t\t\t\t\t\t<style type=\"text\/css\">.fusion-slider-13 .flex-direction-nav a {width:63px;height:63px;line-height:63px;font-size:25px;}<\/style>\t\t\t\t\t\t<div class=\"fusion-slider-loading\">Chargement\u2026<\/div>\n\t\t\t\t\t\t<div class=\"tfs-slider flexslider main-flex full-width-slider\" data-slider_width=\"100%\" data-slider_height=\"500px\" data-full_screen=\"0\" data-parallax=\"0\" data-nav_arrows=\"1\" data-nav_box_width=\"63px\" data-nav_box_height=\"63px\" data-nav_arrow_size=\"25px\" data-autoplay=\"1\" data-loop=\"1\" data-orderby=\"date\" data-order=\"DESC\" data-animation=\"fade\" data-slideshow_speed=\"5000\" data-animation_speed=\"600\" data-typo_sensitivity=\"0.1\" data-typo_factor=\"1.5\" style=\"max-width:100%;\">\n\t\t\t\t\t\t\t<ul class=\"slides\">\n\t\t\t\t\t\t\t\t\t\t\t\t\t\t\t\t\t<li data-mute=\"yes\" data-loop=\"yes\" data-autoplay=\"yes\">\n\t\t\t\t\t\t\t\t\t\t<div class=\"slide-content-container slide-content-left\" style=\"display: none;\">\n\t\t\t\t\t\t\t\t\t\t\t<div class=\"slide-content\" style=\"\">\n\t\t\t\t\t\t\t\t\t\t\t\t\t\t\t\t\t\t\t\t\t\t\t\t\t\t\t\t\t\t\t\t\t\t\t\t\t\t\t\t\t\t\t\t\t\t\t<\/div>\n\t\t\t\t\t\t\t\t\t\t<\/div>\n\t\t\t\t\t\t\t\t\t\t\t\t\t\t\t\t\t\t\t\t\t\t\t\t\t\t\t\t\t\t\t\t\t\t\t\t\t\t\t\t<div class=\"background background-image\" style=\"background-image: url(https:\/\/www.distinctionkitchenbath.com\/wp-content\/uploads\/2020\/05\/tendabox.jpg);max-width:100%;height:500px;filter: progid:DXImageTransform.Microsoft.AlphaImageLoader(src='https:\/\/www.distinctionkitchenbath.com\/wp-content\/uploads\/2020\/05\/tendabox.jpg', sizingMethod='scale');\" data-imgwidth=\"1200\">\n\t\t\t\t\t\t\t\t\t\t\t\t\t\t\t\t\t\t\t\t\t\t\t\t\t\t\t\t\t\t\t\t\t\t\t\t\t\t\t\t\t\t\t\t\t\t\t\t\t\t\t\t\t\t\t\t\t\t\t\t\t\t\t\t\t\t<\/div>\n\t\t\t\t\t\t\t\t\t<\/li>\n\t\t\t\t\t\t\t\t\t\t\t\t\t\t\t\t\t<li data-mute=\"yes\" data-loop=\"yes\" data-autoplay=\"yes\">\n\t\t\t\t\t\t\t\t\t\t<div class=\"slide-content-container slide-content-left\" style=\"display: none;\">\n\t\t\t\t\t\t\t\t\t\t\t<div class=\"slide-content\" style=\"\">\n\t\t\t\t\t\t\t\t\t\t\t\t\t\t\t\t\t\t\t\t\t\t\t\t\t\t\t\t\t\t\t\t\t\t\t\t\t\t\t\t\t\t\t\t\t\t\t<\/div>\n\t\t\t\t\t\t\t\t\t\t<\/div>\n\t\t\t\t\t\t\t\t\t\t\t\t\t\t\t\t\t\t\t\t\t\t\t\t\t\t\t\t\t\t\t\t\t\t\t\t\t\t\t\t<div class=\"background background-image\" style=\"background-image: url(https:\/\/www.distinctionkitchenbath.com\/wp-content\/uploads\/2020\/05\/universal.jpg);max-width:100%;height:500px;filter: progid:DXImageTransform.Microsoft.AlphaImageLoader(src='https:\/\/www.distinctionkitchenbath.com\/wp-content\/uploads\/2020\/05\/universal.jpg', sizingMethod='scale');\" data-imgwidth=\"1200\">\n\t\t\t\t\t\t\t\t\t\t\t\t\t\t\t\t\t\t\t\t\t\t\t\t\t\t\t\t\t\t\t\t\t\t\t\t\t\t\t\t\t\t\t\t\t\t\t\t\t\t\t\t\t\t\t\t\t\t\t\t\t\t\t\t\t\t<\/div>\n\t\t\t\t\t\t\t\t\t<\/li>\n\t\t\t\t\t\t\t\t\t\t\t\t\t\t\t\t\t<li data-mute=\"yes\" data-loop=\"yes\" data-autoplay=\"yes\">\n\t\t\t\t\t\t\t\t\t\t<div class=\"slide-content-container slide-content-left\" style=\"display: none;\">\n\t\t\t\t\t\t\t\t\t\t\t<div class=\"slide-content\" style=\"\">\n\t\t\t\t\t\t\t\t\t\t\t\t\t\t\t\t\t\t\t\t\t\t\t\t\t\t\t\t\t\t\t\t\t\t\t\t\t\t\t\t\t\t\t\t\t\t\t<\/div>\n\t\t\t\t\t\t\t\t\t\t<\/div>\n\t\t\t\t\t\t\t\t\t\t\t\t\t\t\t\t\t\t\t\t\t\t\t\t\t\t\t\t\t\t\t\t\t\t\t\t\t\t\t\t<div class=\"background background-image\" style=\"background-image: url(https:\/\/www.distinctionkitchenbath.com\/wp-content\/uploads\/2020\/05\/pergolino.jpg);max-width:100%;height:500px;filter: progid:DXImageTransform.Microsoft.AlphaImageLoader(src='https:\/\/www.distinctionkitchenbath.com\/wp-content\/uploads\/2020\/05\/pergolino.jpg', sizingMethod='scale');\" data-imgwidth=\"1200\">\n\t\t\t\t\t\t\t\t\t\t\t\t\t\t\t\t\t\t\t\t\t\t\t\t\t\t\t\t\t\t\t\t\t\t\t\t\t\t\t\t\t\t\t\t\t\t\t\t\t\t\t\t\t\t\t\t\t\t\t\t\t\t\t\t\t\t<\/div>\n\t\t\t\t\t\t\t\t\t<\/li>\n\t\t\t\t\t\t\t\t\t\t\t\t\t\t\t\t\t<li data-mute=\"yes\" data-loop=\"yes\" data-autoplay=\"yes\">\n\t\t\t\t\t\t\t\t\t\t<div class=\"slide-content-container slide-content-left\" style=\"display: none;\">\n\t\t\t\t\t\t\t\t\t\t\t<div class=\"slide-content\" style=\"\">\n\t\t\t\t\t\t\t\t\t\t\t\t\t\t\t\t\t\t\t\t\t\t\t\t\t\t\t\t\t\t\t\t\t\t\t\t\t\t\t\t\t\t\t\t\t\t\t<\/div>\n\t\t\t\t\t\t\t\t\t\t<\/div>\n\t\t\t\t\t\t\t\t\t\t\t\t\t\t\t\t\t\t\t\t\t\t\t\t\t\t\t\t\t\t\t\t\t\t\t\t\t\t\t\t<div class=\"background background-image\" style=\"background-image: url(https:\/\/www.distinctionkitchenbath.com\/wp-content\/uploads\/2020\/05\/VENTOSOL.jpg);max-width:100%;height:500px;filter: progid:DXImageTransform.Microsoft.AlphaImageLoader(src='https:\/\/www.distinctionkitchenbath.com\/wp-content\/uploads\/2020\/05\/VENTOSOL.jpg', sizingMethod='scale');\" data-imgwidth=\"1200\">\n\t\t\t\t\t\t\t\t\t\t\t\t\t\t\t\t\t\t\t\t\t\t\t\t\t\t\t\t\t\t\t\t\t\t\t\t\t\t\t\t\t\t\t\t\t\t\t\t\t\t\t\t\t\t\t\t\t\t\t\t\t\t\t\t\t\t<\/div>\n\t\t\t\t\t\t\t\t\t<\/li>\n\t\t\t\t\t\t\t\t\t\t\t\t\t\t\t\t\t\t\t\t\t\t\t<\/ul>\n\t\t\t\t\t\t<\/div>\n\t\t\t\t\t<\/div>\n\t\t\t\t\t\t\t\t<div class=\"fusion-clearfix\"><\/div><\/div><\/div><div class=\"fusion-layout-column fusion_builder_column fusion-builder-column-1 fusion_builder_column_1_1 1_1 fusion-one-full fusion-column-first fusion-column-last\" style=\"--awb-padding-top:7%;--awb-padding-right:14%;--awb-padding-bottom:0px;--awb-padding-left:14%;--awb-bg-size:cover;--awb-margin-bottom:0px;\"><div class=\"fusion-column-wrapper fusion-column-has-shadow fusion-flex-column-wrapper-legacy\"><div class=\"fusion-column-content-centered\"><div class=\"fusion-column-content\"><div class=\"fusion-text fusion-text-1\"><h2 style=\"text-align: center;\">DISTRIBUTEUR OFFICIEL STOBAG<\/h2>\n<h3 style=\"text-align: center;\">Des stores solaires en textile au toit de terrasse en verre.<\/h3>\n<\/div><\/div><\/div><div class=\"fusion-clearfix\"><\/div><\/div><\/div><div class=\"fusion-layout-column fusion_builder_column fusion-builder-column-2 fusion_builder_column_1_2 1_2 fusion-one-half fusion-column-first\" style=\"--awb-padding-top:0px;--awb-padding-right:4%;--awb-padding-bottom:7%;--awb-padding-left:14%;--awb-bg-size:cover;--awb-margin-bottom:0px;width:50%;width:calc(50% - ( ( 4% ) * 0.5 ) );margin-right: 4%;\"><div class=\"fusion-column-wrapper fusion-column-has-shadow fusion-flex-column-wrapper-legacy\"><div class=\"fusion-column-content-centered\"><div class=\"fusion-column-content\"><div class=\"fusion-text fusion-text-2\"><p><strong>Le balcon ou la terrasse doit offrir un espace pour les activit\u00e9s de loisirs et de d\u00e9tente. Pour y parvenir, le besoin de d\u00e9limitation et d&rsquo;intimit\u00e9 joue \u00e9galement un r\u00f4le.<br \/>\n<\/strong><br \/>\nLes stores STOBAG sont fabriqu\u00e9s sur mesure. Qu&rsquo;il s&rsquo;agisse d&rsquo;un\u00a0<a class=\"internal-link\" href=\"https:\/\/www.stobag.com\/fr\/balcon-terrasse\/stores-sans-caisson\/\" target=\"_blank\" rel=\"noopener noreferrer\">store solaire classique<\/a>,\u00a0<a class=\"internal-link\" href=\"https:\/\/www.stobag.com\/fr\/jardins-dhiver\/stores-pour-jardins-dhiver\/\" target=\"_blank\" rel=\"noopener noreferrer\">d&rsquo;un syst\u00e8me d&rsquo;ombrage pour jardin d&rsquo;hiver<\/a>, d&rsquo;une\u00a0<a class=\"internal-link\" href=\"https:\/\/www.stobag.com\/fr\/pergola-pavillons\/stores-pour-pergolas-terrasses\/\" target=\"_blank\" rel=\"noopener noreferrer\">pergola<\/a>\u00a0textile, d&rsquo;un\u00a0<a class=\"internal-link\" href=\"https:\/\/www.stobag.com\/fr\/plancher-espaces-exterieurs\/stores-doubles-sur-pieds\/\" target=\"_blank\" rel=\"noopener noreferrer\">store autoportant<\/a>\u00a0ou d&rsquo;un\u00a0<a class=\"internal-link\" href=\"https:\/\/www.stobag.com\/fr\/pergola-pavillons\/systemes-de-toits-vitres\/\" target=\"_blank\" rel=\"noopener noreferrer\">toit vitr\u00e9<\/a>, tout est une pi\u00e8ce unique. Nos solutions de protection contre le soleil et les intemp\u00e9ries pour la maison et le jardin constituent une protection s\u00fbre. Selon le type de store, elles prot\u00e8gent \u00e9galement de la pluie, du vent et des regards indiscrets.<br \/>\nOutre les nombreuses possibilit\u00e9 d&rsquo;utilisation, il y a plus de 300 motifs de toile combinables avec une palette de coloris de ch\u00e2ssis infinie. Sous forme de\u00a0<a class=\"internal-link\" href=\"https:\/\/www.stobag.com\/fr\/balcon-terrasse\/stores-a-caisson\/\" target=\"_blank\" rel=\"noopener noreferrer\">store \u00e0 caisson<\/a>\u00a0pour une maison unifamiliale ou de\u00a0<a class=\"internal-link\" href=\"https:\/\/www.stobag.com\/fr\/pergola-pavillons\/stores-pour-pergolas-terrasses\/\" target=\"_blank\" rel=\"noopener noreferrer\">pergola<\/a>\u00a0pour \u00e9tendre la surface d&rsquo;exploitation d&rsquo;un restaurant, il existe une solution pour chaque situation.<\/p>\n<\/div><\/div><\/div><div class=\"fusion-clearfix\"><\/div><\/div><\/div><div class=\"fusion-layout-column fusion_builder_column fusion-builder-column-3 fusion_builder_column_1_2 1_2 fusion-one-half fusion-column-last\" style=\"--awb-padding-top:0px;--awb-padding-right:0px;--awb-padding-bottom:7%;--awb-padding-left:0px;--awb-bg-size:cover;--awb-margin-bottom:0px;width:50%;width:calc(50% - ( ( 4% ) * 0.5 ) );\"><div class=\"fusion-column-wrapper fusion-column-has-shadow fusion-flex-column-wrapper-legacy\"><div class=\"fusion-column-content-centered\"><div class=\"fusion-column-content\"><div class=\"fusion-image-element in-legacy-container\" style=\"--awb-caption-title-font-family:var(--h2_typography-font-family);--awb-caption-title-font-weight:var(--h2_typography-font-weight);--awb-caption-title-font-style:var(--h2_typography-font-style);--awb-caption-title-size:var(--h2_typography-font-size);--awb-caption-title-transform:var(--h2_typography-text-transform);--awb-caption-title-line-height:var(--h2_typography-line-height);--awb-caption-title-letter-spacing:var(--h2_typography-letter-spacing);\"><span class=\" fusion-imageframe imageframe-none imageframe-1 hover-type-none\"><img decoding=\"async\" width=\"555\" height=\"347\" title=\"Kassetten\" src=\"http:\/\/www.distinctionkitchenbath.com\/wp-content\/uploads\/2020\/05\/Kassetten.jpg\" alt class=\"img-responsive wp-image-157\" srcset=\"https:\/\/www.distinctionkitchenbath.com\/wp-content\/uploads\/2020\/05\/Kassetten-200x125.jpg 200w, https:\/\/www.distinctionkitchenbath.com\/wp-content\/uploads\/2020\/05\/Kassetten-400x250.jpg 400w, https:\/\/www.distinctionkitchenbath.com\/wp-content\/uploads\/2020\/05\/Kassetten.jpg 555w\" sizes=\"(max-width: 800px) 100vw, 555px\" \/><\/span><\/div><\/div><\/div><div class=\"fusion-clearfix\"><\/div><\/div><\/div><div class=\"fusion-layout-column fusion_builder_column fusion-builder-column-4 fusion_builder_column_1_3 1_3 fusion-one-third fusion-column-first\" style=\"--awb-padding-top:0px;--awb-padding-right:0px;--awb-padding-bottom:7%;--awb-padding-left:5%;--awb-bg-size:cover;--awb-margin-bottom:0px;width:33.333333333333%;width:calc(33.333333333333% - ( ( 4% ) * 0.33333333333333 ) );margin-right: 4%;\"><div class=\"fusion-column-wrapper fusion-column-has-shadow fusion-flex-column-wrapper-legacy\"><div class=\"fusion-column-content-centered\"><div class=\"fusion-column-content\"><div class=\"fusion-image-element in-legacy-container\" style=\"--awb-caption-title-font-family:var(--h2_typography-font-family);--awb-caption-title-font-weight:var(--h2_typography-font-weight);--awb-caption-title-font-style:var(--h2_typography-font-style);--awb-caption-title-size:var(--h2_typography-font-size);--awb-caption-title-transform:var(--h2_typography-text-transform);--awb-caption-title-line-height:var(--h2_typography-line-height);--awb-caption-title-letter-spacing:var(--h2_typography-letter-spacing);\"><span class=\" fusion-imageframe imageframe-none imageframe-2 hover-type-none\"><img decoding=\"async\" width=\"360\" height=\"508\" title=\"STOBAG-Storen\" src=\"http:\/\/www.distinctionkitchenbath.com\/wp-content\/uploads\/2020\/05\/STOBAG-Storen.jpg\" alt class=\"img-responsive wp-image-168\" srcset=\"https:\/\/www.distinctionkitchenbath.com\/wp-content\/uploads\/2020\/05\/STOBAG-Storen-200x282.jpg 200w, https:\/\/www.distinctionkitchenbath.com\/wp-content\/uploads\/2020\/05\/STOBAG-Storen.jpg 360w\" sizes=\"(max-width: 800px) 100vw, 360px\" \/><\/span><\/div><\/div><\/div><div class=\"fusion-clearfix\"><\/div><\/div><\/div><div class=\"fusion-layout-column fusion_builder_column fusion-builder-column-5 fusion_builder_column_2_3 2_3 fusion-two-third fusion-column-last\" style=\"--awb-padding-top:0px;--awb-padding-right:14%;--awb-padding-bottom:7%;--awb-padding-left:4%;--awb-bg-size:cover;--awb-margin-bottom:0px;width:66.666666666667%;width:calc(66.666666666667% - ( ( 4% ) * 0.66666666666667 ) );\"><div class=\"fusion-column-wrapper fusion-column-has-shadow fusion-flex-column-wrapper-legacy\"><div class=\"fusion-column-content-centered\"><div class=\"fusion-column-content\"><div class=\"fusion-text fusion-text-3\"><div id=\"tt4129\">\n<div id=\"tt5691\">\n<div>\n<p><strong>Stores sur mesure<\/strong><br \/>\nTous les produits STOBAG sont fabriqu\u00e9s en fonctions des demandes du client et les profil\u00e9s ainsi que les composants sont thermolaqu\u00e9s dans la couleur souhait\u00e9e. Le traitement \u00e9cologique prot\u00e8ge la construction des influences climatiques quotidiennes.<\/p>\n<\/div>\n<\/div>\n<div id=\"tt5692\">\n<div>\n<p><strong>Jeu de couleurs et protection contre les UV<\/strong><br \/>\n<a class=\"internal-link\" href=\"https:\/\/www.stobag.com\/fr\/coloris-options\/collection-de-toiles\/\" target=\"_blank\" rel=\"noopener noreferrer\">Les coloris des toiles<\/a> cr\u00e9ent des ambiances et doivent \u00eatre utilis\u00e9s de mani\u00e8re cibl\u00e9e. Ils agrandissent ou de r\u00e9duisent visuellement les espaces. Les toiles unies de couleur beige, marron et grise ainsi que les coloris intenses comme le rouge, le jaune ou l&rsquo;orange sont tr\u00e8s \u00e0 la mode. Ces derniers ajoutent de belles notes de couleur et sont souvent utilis\u00e9es comme des \u00e9l\u00e9ments d\u00e9coratifs \u00e0 l&rsquo;ext\u00e9rieur. Les toiles de store de grande qualit\u00e9 STOBAG pr\u00e9sentent un facteur de protection exceptionnel contre les UV et sont des textiles haute performance offrant une r\u00e9sistance optimale \u00e0 la lumi\u00e8re et \u00e0 la d\u00e9coloration. En outre, des toiles sont disponibles en option avec une impr\u00e9gnation suppl\u00e9mentaire prot\u00e9geant de l&rsquo;eau et de la salet\u00e9.<\/p>\n<\/div>\n<\/div>\n<div id=\"tt5693\">\n<div>\n<p><strong>Toiles brise-vue<br \/>\n<\/strong>Contrairement aux toiles acrylique normales pour\u00a0<a class=\"internal-link\" href=\"https:\/\/www.stobag.com\/fr\/fenetre-facade\/stores-a-descente-verticale\/\" target=\"_blank\" rel=\"noopener noreferrer\">stores verticaux<\/a>, les toiles dites \u00ab\u00e9cran\u00bb offrent l&rsquo;avantage d&rsquo;une certaine transparence. Les contours de l&rsquo;environnement sont per\u00e7us mais la protection contre les regards et le vent reste suffisante. La toile-\u00e9cran perfor\u00e9e est extr\u00eamement r\u00e9sistante et reste enroul\u00e9e dans le bo\u00eetier en aluminium protecteur lorsqu&rsquo;elle n&rsquo;est pas utilis\u00e9e.<\/p>\n<p>Les solutions STOBAG de protection contre le soleil et les intemp\u00e9ries offrent un large \u00e9ventail de possibilit\u00e9s que nous vous invitons volontiers \u00e0 d\u00e9couvrir.<\/p>\n<\/div>\n<\/div>\n<\/div>\n<\/div><\/div><\/div><div class=\"fusion-clearfix\"><\/div><\/div><\/div><\/div><\/div>\n","protected":false},"excerpt":{"rendered":"","protected":false},"author":1,"featured_media":0,"parent":0,"menu_order":0,"comment_status":"closed","ping_status":"closed","template":"","meta":{"footnotes":""},"class_list":["post-173","page","type-page","status-publish","hentry"],"_links":{"self":[{"href":"https:\/\/www.distinctionkitchenbath.com\/fr\/wp-json\/wp\/v2\/pages\/173","targetHints":{"allow":["GET"]}}],"collection":[{"href":"https:\/\/www.distinctionkitchenbath.com\/fr\/wp-json\/wp\/v2\/pages"}],"about":[{"href":"https:\/\/www.distinctionkitchenbath.com\/fr\/wp-json\/wp\/v2\/types\/page"}],"author":[{"embeddable":true,"href":"https:\/\/www.distinctionkitchenbath.com\/fr\/wp-json\/wp\/v2\/users\/1"}],"replies":[{"embeddable":true,"href":"https:\/\/www.distinctionkitchenbath.com\/fr\/wp-json\/wp\/v2\/comments?post=173"}],"version-history":[{"count":6,"href":"https:\/\/www.distinctionkitchenbath.com\/fr\/wp-json\/wp\/v2\/pages\/173\/revisions"}],"predecessor-version":[{"id":184,"href":"https:\/\/www.distinctionkitchenbath.com\/fr\/wp-json\/wp\/v2\/pages\/173\/revisions\/184"}],"wp:attachment":[{"href":"https:\/\/www.distinctionkitchenbath.com\/fr\/wp-json\/wp\/v2\/media?parent=173"}],"curies":[{"name":"wp","href":"https:\/\/api.w.org\/{rel}","templated":true}]}}